{"id":5323,"date":"2026-03-29T11:27:38","date_gmt":"2026-03-29T09:27:38","guid":{"rendered":"https:\/\/www.clasedeele.es\/Clase_de_ele\/?page_id=5323"},"modified":"2026-04-03T21:29:24","modified_gmt":"2026-04-03T19:29:24","slug":"spanish-for-erasmus-students","status":"publish","type":"page","link":"https:\/\/www.clasedeele.es\/Clase_de_ele\/spanish-for-erasmus-students\/","title":{"rendered":"Spanish for Erasmus Students"},"content":{"rendered":"<p>[et_pb_section fb_built=\u00bb1&#8243; _builder_version=\u00bb4.16&#8243; background_image=\u00bbhttps:\/\/www.clasedeele.es\/Clase_de_ele\/wp-content\/uploads\/2020\/07\/bannerseccion03.jpg\u00bb global_colors_info=\u00bb{}\u00bb][et_pb_row _builder_version=\u00bb4.16&#8243; global_colors_info=\u00bb{}\u00bb][et_pb_column type=\u00bb4_4&#8243; _builder_version=\u00bb4.16&#8243; global_colors_info=\u00bb{}\u00bb][et_pb_text _builder_version=\u00bb4.27.5&#8243; text_text_color=\u00bb#f82de9&#8243; header_text_color=\u00bb#f82de9&#8243; header_2_font=\u00bb|700|on||||||\u00bb header_2_text_color=\u00bb#f7d909&#8243; custom_padding=\u00bb||0px|||\u00bb header_text_shadow_style=\u00bbpreset2&#8243; header_2_text_shadow_style=\u00bbpreset3&#8243; header_2_text_shadow_horizontal_length=\u00bb0.52em\u00bb header_2_text_shadow_blur_strength=\u00bb0.64em\u00bb header_2_text_shadow_color=\u00bb#ffffff\u00bb global_colors_info=\u00bb{}\u00bb]<\/p>\n<h2>Spanish for Erasmus Students<\/h2>\n<p>[\/et_pb_text][\/et_pb_column][\/et_pb_row][\/et_pb_section][et_pb_section fb_built=\u00bb1&#8243; _builder_version=\u00bb4.16&#8243; background_color=\u00bb#a7d479&#8243; custom_margin=\u00bb2%||||false|false\u00bb custom_padding=\u00bb0px||0px||false|false\u00bb global_colors_info=\u00bb{}\u00bb][et_pb_row _builder_version=\u00bb4.16&#8243; global_colors_info=\u00bb{}\u00bb][et_pb_column type=\u00bb4_4&#8243; _builder_version=\u00bb4.16&#8243; global_colors_info=\u00bb{}\u00bb][et_pb_text _builder_version=\u00bb4.27.5&#8243; header_font=\u00bb|700||on|||||\u00bb header_text_align=\u00bbcenter\u00bb header_text_color=\u00bb#ffffff\u00bb global_colors_info=\u00bb{}\u00bb]<\/p>\n<h1>Spanish for Erasmus students<\/h1>\n<p>[\/et_pb_text][\/et_pb_column][\/et_pb_row][\/et_pb_section][et_pb_section fb_built=\u00bb1&#8243; _builder_version=\u00bb4.16&#8243; custom_padding=\u00bb0px||||false|false\u00bb global_colors_info=\u00bb{}\u00bb][et_pb_row _builder_version=\u00bb4.16&#8243; global_colors_info=\u00bb{}\u00bb][et_pb_column type=\u00bb4_4&#8243; _builder_version=\u00bb4.16&#8243; global_colors_info=\u00bb{}\u00bb][et_pb_text _builder_version=\u00bb4.16&#8243; text_font=\u00bb||on||||||\u00bb text_text_color=\u00bb#ffab0c\u00bb text_font_size=\u00bb21px\u00bb text_letter_spacing=\u00bb2px\u00bb text_line_height=\u00bb1.8em\u00bb custom_padding=\u00bb1%|2%|1%|2%|false|false\u00bb border_radii=\u00bbon|5px|5px|5px|5px\u00bb border_width_all=\u00bb4px\u00bb border_color_all=\u00bb#7cda24&#8243; box_shadow_style=\u00bbpreset1&#8243; global_colors_info=\u00bb{}\u00bb]<\/p>\n<p>Esta secci\u00f3n acompa\u00f1a y complementa los contenidos de los cursos <strong data-start=\"366\" data-end=\"385\">Espa\u00f1ol real A1<\/strong> y <strong data-start=\"388\" data-end=\"407\">Espa\u00f1ol real A2<\/strong>.<br data-start=\"408\" data-end=\"411\" \/>Aqu\u00ed encontrar\u00e1s materiales adicionales, explicaciones y recursos pr\u00e1cticos para reforzar lo que aprendes en los libros y ayudarte a avanzar con seguridad.<br data-start=\"566\" data-end=\"569\" \/>Todo lo que hay aqu\u00ed est\u00e1 pensado para usar el espa\u00f1ol en la vida real.<\/p>\n<p>[\/et_pb_text][\/et_pb_column][\/et_pb_row][et_pb_row _builder_version=\u00bb4.16&#8243; global_colors_info=\u00bb{}\u00bb][et_pb_column type=\u00bb4_4&#8243; _builder_version=\u00bb4.16&#8243; global_colors_info=\u00bb{}\u00bb][et_pb_accordion _builder_version=\u00bb4.27.5&#8243; global_colors_info=\u00bb{}\u00bb][et_pb_accordion_item title=\u00bbSer y Estar\u00bb open=\u00bbon\u00bb _builder_version=\u00bb4.27.5&#8243; global_colors_info=\u00bb{}\u00bb]<\/p>\n<div class='w3eden'><!-- WPDM Link Template: Default Template -->\n\n<div class=\"link-template-default card mb-2\">\n    <div class=\"card-body\">\n        <div class=\"media\">\n            <div class=\"mr-3 img-48\"><img decoding=\"async\" class=\"wpdm_icon\" alt=\"Icono\"   src=\"https:\/\/www.clasedeele.es\/Clase_de_ele\/wp-content\/plugins\/download-manager\/assets\/file-type-icons\/pdf.svg\" \/><\/div>\n            <div class=\"media-body\">\n                <h3 class=\"package-title\"><a href='https:\/\/www.clasedeele.es\/Clase_de_ele\/download\/el-alfabeto-1\/'>El alfabeto 1<\/a><\/h3>\n                <div class=\"text-muted text-small\"><i class=\"fas fa-copy\"><\/i> 1 archivo(s) <i class=\"fas fa-hdd ml-3\"><\/i> 154.13 KB<\/div>\n            <\/div>\n            <div class=\"ml-3\">\n                <a class='wpdm-download-link download-on-click btn btn-primary ' rel='nofollow' href='#' data-downloadurl=\"https:\/\/www.clasedeele.es\/Clase_de_ele\/download\/el-alfabeto-1\/?wpdmdl=728&refresh=6a075cb05e7e91778867376\">Descargar<\/a>\n            <\/div>\n        <\/div>\n    <\/div>\n<\/div>\n\n<\/div>\n<p>[\/et_pb_accordion_item][\/et_pb_accordion][\/et_pb_column][\/et_pb_row][\/et_pb_section][et_pb_section fb_built=\u00bb1&#8243; _builder_version=\u00bb4.16&#8243; background_color=\u00bb#939393&#8243; global_colors_info=\u00bb{}\u00bb][et_pb_row _builder_version=\u00bb4.16&#8243; global_colors_info=\u00bb{}\u00bb][et_pb_column type=\u00bb4_4&#8243; _builder_version=\u00bb4.16&#8243; global_colors_info=\u00bb{}\u00bb][et_pb_text _builder_version=\u00bb4.16&#8243; global_colors_info=\u00bb{}\u00bb]<\/p>\n<p>AQU\u00cd IR\u00c1 PUBLICIDAD&#8230;<\/p>\n<p>[\/et_pb_text][\/et_pb_column][\/et_pb_row][\/et_pb_section][et_pb_section fb_built=\u00bb1&#8243; _builder_version=\u00bb4.16&#8243; global_colors_info=\u00bb{}\u00bb][et_pb_row _builder_version=\u00bb4.16&#8243; global_colors_info=\u00bb{}\u00bb][et_pb_column type=\u00bb4_4&#8243; _builder_version=\u00bb4.16&#8243; global_colors_info=\u00bb{}\u00bb][et_pb_accordion _builder_version=\u00bb4.16&#8243; global_colors_info=\u00bb{}\u00bb][et_pb_accordion_item title=\u00bbMatriculaci\u00f3n\u00bb open=\u00bbon\u00bb _builder_version=\u00bb4.16&#8243; global_colors_info=\u00bb{}\u00bb]<\/p>\n<div class='w3eden'><!-- WPDM Link Template: Default Template -->\n\n<div class=\"link-template-default card mb-2\">\n    <div class=\"card-body\">\n        <div class=\"media\">\n            <div class=\"mr-3 img-48\"><img decoding=\"async\" class=\"wpdm_icon\" alt=\"Icono\"   src=\"https:\/\/www.clasedeele.es\/Clase_de_ele\/wp-content\/plugins\/download-manager\/assets\/file-type-icons\/pdf.svg\" \/><\/div>\n            <div class=\"media-body\">\n                <h3 class=\"package-title\"><a href='https:\/\/www.clasedeele.es\/Clase_de_ele\/download\/matriculacion\/'>Matriculaci\u00f3n<\/a><\/h3>\n                <div class=\"text-muted text-small\"><i class=\"fas fa-copy\"><\/i> 1 archivo(s) <i class=\"fas fa-hdd ml-3\"><\/i> 37.20 KB<\/div>\n            <\/div>\n            <div class=\"ml-3\">\n                <a class='wpdm-download-link download-on-click btn btn-primary ' rel='nofollow' href='#' data-downloadurl=\"https:\/\/www.clasedeele.es\/Clase_de_ele\/download\/matriculacion\/?wpdmdl=761&refresh=6a075cb0668f31778867376\">Descargar<\/a>\n            <\/div>\n        <\/div>\n    <\/div>\n<\/div>\n\n<\/div>\n<p>[\/et_pb_accordion_item][et_pb_accordion_item title=\u00bbClub deportivo\u00bb _builder_version=\u00bb4.16&#8243; global_colors_info=\u00bb{}\u00bb open=\u00bboff\u00bb]<\/p>\n<div class='w3eden'><!-- WPDM Link Template: Default Template -->\n\n<div class=\"link-template-default card mb-2\">\n    <div class=\"card-body\">\n        <div class=\"media\">\n            <div class=\"mr-3 img-48\"><img decoding=\"async\" class=\"wpdm_icon\" alt=\"Icono\"   src=\"https:\/\/www.clasedeele.es\/Clase_de_ele\/wp-content\/plugins\/download-manager\/assets\/file-type-icons\/pdf.svg\" \/><\/div>\n            <div class=\"media-body\">\n                <h3 class=\"package-title\"><a href='https:\/\/www.clasedeele.es\/Clase_de_ele\/download\/club-deportivo\/'>Club deportivo<\/a><\/h3>\n                <div class=\"text-muted text-small\"><i class=\"fas fa-copy\"><\/i> 1 archivo(s) <i class=\"fas fa-hdd ml-3\"><\/i> 49.50 KB<\/div>\n            <\/div>\n            <div class=\"ml-3\">\n                <a class='wpdm-download-link download-on-click btn btn-primary ' rel='nofollow' href='#' data-downloadurl=\"https:\/\/www.clasedeele.es\/Clase_de_ele\/download\/club-deportivo\/?wpdmdl=770&refresh=6a075cb06d7641778867376\">Descargar<\/a>\n            <\/div>\n        <\/div>\n    <\/div>\n<\/div>\n\n<\/div>\n<p>[\/et_pb_accordion_item][et_pb_accordion_item title=\u00bbDatos de Lamia\u00bb _builder_version=\u00bb4.16&#8243; global_colors_info=\u00bb{}\u00bb open=\u00bboff\u00bb]<\/p>\n<div class='w3eden'><!-- WPDM Link Template: Default Template -->\n\n<div class=\"link-template-default card mb-2\">\n    <div class=\"card-body\">\n        <div class=\"media\">\n            <div class=\"mr-3 img-48\"><img decoding=\"async\" class=\"wpdm_icon\" alt=\"Icono\"   src=\"https:\/\/www.clasedeele.es\/Clase_de_ele\/wp-content\/plugins\/download-manager\/assets\/file-type-icons\/pdf.svg\" \/><\/div>\n            <div class=\"media-body\">\n                <h3 class=\"package-title\"><a href='https:\/\/www.clasedeele.es\/Clase_de_ele\/download\/datos-de-lamia\/'>Datos de Lamia<\/a><\/h3>\n                <div class=\"text-muted text-small\"><i class=\"fas fa-copy\"><\/i> 1 archivo(s) <i class=\"fas fa-hdd ml-3\"><\/i> 177.76 KB<\/div>\n            <\/div>\n            <div class=\"ml-3\">\n                <a class='wpdm-download-link download-on-click btn btn-primary ' rel='nofollow' href='#' data-downloadurl=\"https:\/\/www.clasedeele.es\/Clase_de_ele\/download\/datos-de-lamia\/?wpdmdl=776&refresh=6a075cb074be51778867376\">Descargar<\/a>\n            <\/div>\n        <\/div>\n    <\/div>\n<\/div>\n\n<\/div>\n<p>[\/et_pb_accordion_item][et_pb_accordion_item title=\u00bbSe\u00f1as de Lamia\u00bb _builder_version=\u00bb4.16&#8243; global_colors_info=\u00bb{}\u00bb open=\u00bboff\u00bb]<\/p>\n<div class='w3eden'><!-- WPDM Link Template: Default Template -->\n\n<div class=\"link-template-default card mb-2\">\n    <div class=\"card-body\">\n        <div class=\"media\">\n            <div class=\"mr-3 img-48\"><img decoding=\"async\" class=\"wpdm_icon\" alt=\"Icono\"   src=\"https:\/\/www.clasedeele.es\/Clase_de_ele\/wp-content\/plugins\/download-manager\/assets\/file-type-icons\/pdf.svg\" \/><\/div>\n            <div class=\"media-body\">\n                <h3 class=\"package-title\"><a href='https:\/\/www.clasedeele.es\/Clase_de_ele\/download\/senas-de-lamia\/'>Se\u00f1as de Lamia<\/a><\/h3>\n                <div class=\"text-muted text-small\"><i class=\"fas fa-copy\"><\/i> 1 archivo(s) <i class=\"fas fa-hdd ml-3\"><\/i> 67.90 KB<\/div>\n            <\/div>\n            <div class=\"ml-3\">\n                <a class='wpdm-download-link download-on-click btn btn-primary ' rel='nofollow' href='#' data-downloadurl=\"https:\/\/www.clasedeele.es\/Clase_de_ele\/download\/senas-de-lamia\/?wpdmdl=780&refresh=6a075cb07c12e1778867376\">Descargar<\/a>\n            <\/div>\n        <\/div>\n    <\/div>\n<\/div>\n\n<\/div>\n<p>[\/et_pb_accordion_item][et_pb_accordion_item title=\u00bbDatos de Bogdan\u00bb _builder_version=\u00bb4.16&#8243; global_colors_info=\u00bb{}\u00bb open=\u00bboff\u00bb]<\/p>\n<div class='w3eden'><!-- WPDM Link Template: Default Template -->\n\n<div class=\"link-template-default card mb-2\">\n    <div class=\"card-body\">\n        <div class=\"media\">\n            <div class=\"mr-3 img-48\"><img decoding=\"async\" class=\"wpdm_icon\" alt=\"Icono\"   src=\"https:\/\/www.clasedeele.es\/Clase_de_ele\/wp-content\/plugins\/download-manager\/assets\/file-type-icons\/pdf.svg\" \/><\/div>\n            <div class=\"media-body\">\n                <h3 class=\"package-title\"><a href='https:\/\/www.clasedeele.es\/Clase_de_ele\/download\/datos-de-bogdan\/'>Datos de Bogdan<\/a><\/h3>\n                <div class=\"text-muted text-small\"><i class=\"fas fa-copy\"><\/i> 1 archivo(s) <i class=\"fas fa-hdd ml-3\"><\/i> 176.91 KB<\/div>\n            <\/div>\n            <div class=\"ml-3\">\n                <a class='wpdm-download-link download-on-click btn btn-primary ' rel='nofollow' href='#' data-downloadurl=\"https:\/\/www.clasedeele.es\/Clase_de_ele\/download\/datos-de-bogdan\/?wpdmdl=783&refresh=6a075cb083ade1778867376\">Descargar<\/a>\n            <\/div>\n        <\/div>\n    <\/div>\n<\/div>\n\n<\/div>\n<p>[\/et_pb_accordion_item][\/et_pb_accordion][\/et_pb_column][\/et_pb_row][\/et_pb_section][et_pb_section fb_built=\u00bb1&#8243; _builder_version=\u00bb4.16&#8243; background_color=\u00bb#7cda24&#8243; global_colors_info=\u00bb{}\u00bb][et_pb_row _builder_version=\u00bb4.16&#8243; global_colors_info=\u00bb{}\u00bb][et_pb_column type=\u00bb4_4&#8243; _builder_version=\u00bb4.16&#8243; global_colors_info=\u00bb{}\u00bb][et_pb_text _builder_version=\u00bb4.16&#8243; global_colors_info=\u00bb{}\u00bb]<\/p>\n<p>Your content goes here. Edit or remove this text inline or in the module Content settings. You can also style every aspect of this content in the module Design settings and even apply custom CSS to this text in the module Advanced settings.<\/p>\n<p>[\/et_pb_text][\/et_pb_column][\/et_pb_row][\/et_pb_section]<\/p>\n","protected":false},"excerpt":{"rendered":"<p>Spanish for Erasmus StudentsSpanish for Erasmus studentsEsta secci\u00f3n acompa\u00f1a y complementa los contenidos de los cursos Espa\u00f1ol real A1 y Espa\u00f1ol real A2.Aqu\u00ed encontrar\u00e1s materiales adicionales, explicaciones y recursos pr\u00e1cticos para reforzar lo que aprendes en los libros y ayudarte a avanzar con seguridad.Todo lo que hay aqu\u00ed est\u00e1 pensado para usar el espa\u00f1ol en [&hellip;]<\/p>\n","protected":false},"author":1,"featured_media":0,"parent":0,"menu_order":0,"comment_status":"closed","ping_status":"closed","template":"","meta":{"_et_pb_use_builder":"on","_et_pb_old_content":"","_et_gb_content_width":"","footnotes":""},"class_list":["post-5323","page","type-page","status-publish","hentry"],"yoast_head":"<!-- This site is optimized with the Yoast SEO plugin v27.6 - https:\/\/yoast.com\/product\/yoast-seo-wordpress\/ -->\n<title>Spanish for Erasmus Students - Clase de Ele<\/title>\n<meta name=\"robots\" content=\"index, follow, max-snippet:-1, max-image-preview:large, max-video-preview:-1\" \/>\n<link rel=\"canonical\" href=\"https:\/\/www.clasedeele.es\/Clase_de_ele\/spanish-for-erasmus-students\/\" \/>\n<meta property=\"og:locale\" content=\"es_ES\" \/>\n<meta property=\"og:type\" content=\"article\" \/>\n<meta property=\"og:title\" content=\"Spanish for Erasmus Students - Clase de Ele\" \/>\n<meta property=\"og:description\" content=\"Spanish for Erasmus StudentsSpanish for Erasmus studentsEsta secci\u00f3n acompa\u00f1a y complementa los contenidos de los cursos Espa\u00f1ol real A1 y Espa\u00f1ol real A2.Aqu\u00ed encontrar\u00e1s materiales adicionales, explicaciones y recursos pr\u00e1cticos para reforzar lo que aprendes en los libros y ayudarte a avanzar con seguridad.Todo lo que hay aqu\u00ed est\u00e1 pensado para usar el espa\u00f1ol en [&hellip;]\" \/>\n<meta property=\"og:url\" content=\"https:\/\/www.clasedeele.es\/Clase_de_ele\/spanish-for-erasmus-students\/\" \/>\n<meta property=\"og:site_name\" content=\"Clase de Ele\" \/>\n<meta property=\"article:modified_time\" content=\"2026-04-03T19:29:24+00:00\" \/>\n<meta name=\"twitter:card\" content=\"summary_large_image\" \/>\n<meta name=\"twitter:label1\" content=\"Tiempo de lectura\" \/>\n\t<meta name=\"twitter:data1\" content=\"4 minutos\" \/>\n<script type=\"application\/ld+json\" class=\"yoast-schema-graph\">{\"@context\":\"https:\\\/\\\/schema.org\",\"@graph\":[{\"@type\":\"WebPage\",\"@id\":\"https:\\\/\\\/www.clasedeele.es\\\/Clase_de_ele\\\/spanish-for-erasmus-students\\\/\",\"url\":\"https:\\\/\\\/www.clasedeele.es\\\/Clase_de_ele\\\/spanish-for-erasmus-students\\\/\",\"name\":\"Spanish for Erasmus Students - Clase de Ele\",\"isPartOf\":{\"@id\":\"https:\\\/\\\/www.clasedeele.es\\\/Clase_de_ele\\\/#website\"},\"datePublished\":\"2026-03-29T09:27:38+00:00\",\"dateModified\":\"2026-04-03T19:29:24+00:00\",\"breadcrumb\":{\"@id\":\"https:\\\/\\\/www.clasedeele.es\\\/Clase_de_ele\\\/spanish-for-erasmus-students\\\/#breadcrumb\"},\"inLanguage\":\"es\",\"potentialAction\":[{\"@type\":\"ReadAction\",\"target\":[\"https:\\\/\\\/www.clasedeele.es\\\/Clase_de_ele\\\/spanish-for-erasmus-students\\\/\"]}]},{\"@type\":\"BreadcrumbList\",\"@id\":\"https:\\\/\\\/www.clasedeele.es\\\/Clase_de_ele\\\/spanish-for-erasmus-students\\\/#breadcrumb\",\"itemListElement\":[{\"@type\":\"ListItem\",\"position\":1,\"name\":\"Portada\",\"item\":\"https:\\\/\\\/www.clasedeele.es\\\/Clase_de_ele\\\/\"},{\"@type\":\"ListItem\",\"position\":2,\"name\":\"Spanish for Erasmus Students\"}]},{\"@type\":\"WebSite\",\"@id\":\"https:\\\/\\\/www.clasedeele.es\\\/Clase_de_ele\\\/#website\",\"url\":\"https:\\\/\\\/www.clasedeele.es\\\/Clase_de_ele\\\/\",\"name\":\"Clase de Ele\",\"description\":\"Clases de Espa\u00f1ol para Extranjeros\",\"potentialAction\":[{\"@type\":\"SearchAction\",\"target\":{\"@type\":\"EntryPoint\",\"urlTemplate\":\"https:\\\/\\\/www.clasedeele.es\\\/Clase_de_ele\\\/?s={search_term_string}\"},\"query-input\":{\"@type\":\"PropertyValueSpecification\",\"valueRequired\":true,\"valueName\":\"search_term_string\"}}],\"inLanguage\":\"es\"}]}<\/script>\n<!-- \/ Yoast SEO plugin. -->","yoast_head_json":{"title":"Spanish for Erasmus Students - Clase de Ele","robots":{"index":"index","follow":"follow","max-snippet":"max-snippet:-1","max-image-preview":"max-image-preview:large","max-video-preview":"max-video-preview:-1"},"canonical":"https:\/\/www.clasedeele.es\/Clase_de_ele\/spanish-for-erasmus-students\/","og_locale":"es_ES","og_type":"article","og_title":"Spanish for Erasmus Students - Clase de Ele","og_description":"Spanish for Erasmus StudentsSpanish for Erasmus studentsEsta secci\u00f3n acompa\u00f1a y complementa los contenidos de los cursos Espa\u00f1ol real A1 y Espa\u00f1ol real A2.Aqu\u00ed encontrar\u00e1s materiales adicionales, explicaciones y recursos pr\u00e1cticos para reforzar lo que aprendes en los libros y ayudarte a avanzar con seguridad.Todo lo que hay aqu\u00ed est\u00e1 pensado para usar el espa\u00f1ol en [&hellip;]","og_url":"https:\/\/www.clasedeele.es\/Clase_de_ele\/spanish-for-erasmus-students\/","og_site_name":"Clase de Ele","article_modified_time":"2026-04-03T19:29:24+00:00","twitter_card":"summary_large_image","twitter_misc":{"Tiempo de lectura":"4 minutos"},"schema":{"@context":"https:\/\/schema.org","@graph":[{"@type":"WebPage","@id":"https:\/\/www.clasedeele.es\/Clase_de_ele\/spanish-for-erasmus-students\/","url":"https:\/\/www.clasedeele.es\/Clase_de_ele\/spanish-for-erasmus-students\/","name":"Spanish for Erasmus Students - Clase de Ele","isPartOf":{"@id":"https:\/\/www.clasedeele.es\/Clase_de_ele\/#website"},"datePublished":"2026-03-29T09:27:38+00:00","dateModified":"2026-04-03T19:29:24+00:00","breadcrumb":{"@id":"https:\/\/www.clasedeele.es\/Clase_de_ele\/spanish-for-erasmus-students\/#breadcrumb"},"inLanguage":"es","potentialAction":[{"@type":"ReadAction","target":["https:\/\/www.clasedeele.es\/Clase_de_ele\/spanish-for-erasmus-students\/"]}]},{"@type":"BreadcrumbList","@id":"https:\/\/www.clasedeele.es\/Clase_de_ele\/spanish-for-erasmus-students\/#breadcrumb","itemListElement":[{"@type":"ListItem","position":1,"name":"Portada","item":"https:\/\/www.clasedeele.es\/Clase_de_ele\/"},{"@type":"ListItem","position":2,"name":"Spanish for Erasmus Students"}]},{"@type":"WebSite","@id":"https:\/\/www.clasedeele.es\/Clase_de_ele\/#website","url":"https:\/\/www.clasedeele.es\/Clase_de_ele\/","name":"Clase de Ele","description":"Clases de Espa\u00f1ol para Extranjeros","potentialAction":[{"@type":"SearchAction","target":{"@type":"EntryPoint","urlTemplate":"https:\/\/www.clasedeele.es\/Clase_de_ele\/?s={search_term_string}"},"query-input":{"@type":"PropertyValueSpecification","valueRequired":true,"valueName":"search_term_string"}}],"inLanguage":"es"}]}},"_links":{"self":[{"href":"https:\/\/www.clasedeele.es\/Clase_de_ele\/wp-json\/wp\/v2\/pages\/5323","targetHints":{"allow":["GET"]}}],"collection":[{"href":"https:\/\/www.clasedeele.es\/Clase_de_ele\/wp-json\/wp\/v2\/pages"}],"about":[{"href":"https:\/\/www.clasedeele.es\/Clase_de_ele\/wp-json\/wp\/v2\/types\/page"}],"author":[{"embeddable":true,"href":"https:\/\/www.clasedeele.es\/Clase_de_ele\/wp-json\/wp\/v2\/users\/1"}],"replies":[{"embeddable":true,"href":"https:\/\/www.clasedeele.es\/Clase_de_ele\/wp-json\/wp\/v2\/comments?post=5323"}],"version-history":[{"count":9,"href":"https:\/\/www.clasedeele.es\/Clase_de_ele\/wp-json\/wp\/v2\/pages\/5323\/revisions"}],"predecessor-version":[{"id":5339,"href":"https:\/\/www.clasedeele.es\/Clase_de_ele\/wp-json\/wp\/v2\/pages\/5323\/revisions\/5339"}],"wp:attachment":[{"href":"https:\/\/www.clasedeele.es\/Clase_de_ele\/wp-json\/wp\/v2\/media?parent=5323"}],"curies":[{"name":"wp","href":"https:\/\/api.w.org\/{rel}","templated":true}]}}